{"id":3526,"date":"2020-08-14T23:25:47","date_gmt":"2020-08-14T23:25:47","guid":{"rendered":"http:\/\/www.gokbora.com\/?page_id=3526"},"modified":"2025-02-21T23:02:18","modified_gmt":"2025-02-21T23:02:18","slug":"gokbora-ist-airport","status":"publish","type":"page","link":"https:\/\/gokbora.com\/en\/location\/gokbora-ist-airport\/","title":{"rendered":"G\u00f6kbora \u0130ST &#8211; Airport"},"content":{"rendered":"[vc_row type=&#8221;full_width_background&#8221; full_screen_row_position=&#8221;middle&#8221; bg_image=&#8221;6938&#8243; bg_position=&#8221;center center&#8221; bg_repeat=&#8221;repeat&#8221; bg_color=&#8221;#282828&#8243; scene_position=&#8221;center&#8221; text_color=&#8221;dark&#8221; text_align=&#8221;left&#8221; color_overlay=&#8221;#282828&#8243; overlay_strength=&#8221;0.95&#8243; shape_divider_position=&#8221;bottom&#8221; bg_image_animation=&#8221;none&#8221; shape_type=&#8221;&#8221;][vc_column column_padding=&#8221;no-extra-padding&#8221; column_padding_position=&#8221;all&#8221; background_color_opacity=&#8221;1&#8243; background_hover_color_opacity=&#8221;1&#8243; column_link_target=&#8221;_self&#8221; column_shadow=&#8221;none&#8221; column_border_radius=&#8221;none&#8221; width=&#8221;1\/1&#8243; tablet_width_inherit=&#8221;default&#8221; tablet_text_alignment=&#8221;default&#8221; phone_text_alignment=&#8221;default&#8221; column_border_width=&#8221;none&#8221; column_border_style=&#8221;solid&#8221; bg_image_animation=&#8221;none&#8221;][vc_gallery type=&#8221;flickity_style&#8221; images=&#8221;6301,7201,7415,7416,7417,7418,6760,7349,6922,6920,7345,6910,7348,6914,6915,6916,6917,6918,6921,6923,6924,6925,7338,7339,7340,7341,7342,7343,7352,7344,7346,7347,7350,7351,7353,7354&#8243; flickity_controls=&#8221;pagination&#8221; flickity_desktop_columns=&#8221;5&#8243; flickity_small_desktop_columns=&#8221;3&#8243; flickity_tablet_columns=&#8221;1&#8243; flickity_free_scroll=&#8221;true&#8221; flickity_autoplay=&#8221;true&#8221; flickity_box_shadow=&#8221;none&#8221; onclick=&#8221;link_image&#8221; img_size=&#8221;thumbnail&#8221; flickity_autoplay_dur=&#8221;5000&#8243;][\/vc_column][\/vc_row][vc_row type=&#8221;in_container&#8221; full_screen_row_position=&#8221;middle&#8221; scene_position=&#8221;center&#8221; text_color=&#8221;dark&#8221; text_align=&#8221;left&#8221; top_padding=&#8221;5%&#8221; overlay_strength=&#8221;0.3&#8243; shape_divider_position=&#8221;bottom&#8221; bg_image_animation=&#8221;none&#8221; shape_type=&#8221;&#8221;][vc_column column_padding=&#8221;no-extra-padding&#8221; column_padding_position=&#8221;all&#8221; background_color_opacity=&#8221;1&#8243; background_hover_color_opacity=&#8221;1&#8243; column_link_target=&#8221;_self&#8221; column_shadow=&#8221;none&#8221; column_border_radius=&#8221;none&#8221; width=&#8221;2\/3&#8243; tablet_width_inherit=&#8221;default&#8221; tablet_text_alignment=&#8221;default&#8221; phone_text_alignment=&#8221;default&#8221; column_border_width=&#8221;none&#8221; column_border_style=&#8221;solid&#8221; bg_image_animation=&#8221;none&#8221;][vc_column_text]Our teams operating at Atat\u00fcrk Airport and Istanbul Airport are working in coordination with our center to ensure that air transport operations are carried out on time and in a flawless manner.<\/p>\n<p>Central Air Cargo Directorate works in cooperation with branches and supports operations at all airports in Turkey. With the strength of our agency network and the solutions provided by our experienced team, bring your cargoes to the whole world.[\/vc_column_text][\/vc_column][vc_column column_padding=&#8221;no-extra-padding&#8221; column_padding_position=&#8221;all&#8221; background_color_opacity=&#8221;1&#8243; background_hover_color_opacity=&#8221;1&#8243; column_link_target=&#8221;_self&#8221; column_shadow=&#8221;none&#8221; column_border_radius=&#8221;none&#8221; el_class=&#8221;hidemobilecss&#8221; width=&#8221;1\/3&#8243; tablet_width_inherit=&#8221;default&#8221; tablet_text_alignment=&#8221;default&#8221; phone_text_alignment=&#8221;default&#8221; column_border_width=&#8221;none&#8221; column_border_style=&#8221;solid&#8221; bg_image_animation=&#8221;none&#8221;][nectar_btn size=&#8221;large&#8221; button_style=&#8221;see-through&#8221; button_color_2=&#8221;Accent-Color&#8221; icon_family=&#8221;none&#8221; url=&#8221;https:\/\/gokbora.com\/en\/?page_id=2134&#8243; text=&#8221;G\u00f6kbora Headquarter&#8221;][nectar_btn size=&#8221;large&#8221; button_style=&#8221;see-through&#8221; button_color_2=&#8221;Accent-Color&#8221; icon_family=&#8221;none&#8221; url=&#8221;https:\/\/gokbora.com\/en\/?page_id=2167&#8243; text=&#8221;G\u00f6kbora Anatolian Istanbul&#8221;][nectar_btn size=&#8221;large&#8221; button_style=&#8221;see-through&#8221; button_color_2=&#8221;Accent-Color&#8221; icon_family=&#8221;none&#8221; url=&#8221;https:\/\/gokbora.com\/en\/eng\/?page_id=2145&#8243; text=&#8221;G\u00f6kbora Bursa&#8221;][nectar_btn size=&#8221;large&#8221; button_style=&#8221;see-through&#8221; button_color_2=&#8221;Accent-Color&#8221; icon_family=&#8221;none&#8221; url=&#8221;https:\/\/gokbora.com\/en\/eng\/?page_id=2154&#8243; text=&#8221;G\u00f6kbora \u0130zmir&#8221;][nectar_btn size=&#8221;large&#8221; button_style=&#8221;see-through&#8221; button_color_2=&#8221;Accent-Color&#8221; icon_family=&#8221;none&#8221; url=&#8221;https:\/\/gokbora.com\/en\/eng\/?page_id=2163&#8243; text=&#8221;G\u00f6kbora Adana&#8221;][nectar_btn size=&#8221;large&#8221; button_style=&#8221;see-through&#8221; button_color_2=&#8221;Accent-Color&#8221; icon_family=&#8221;none&#8221; url=&#8221;https:\/\/gokbora.com\/en\/eng\/?page_id=2171&#8243; text=&#8221;G\u00f6kbora Ankara&#8221;][nectar_btn size=&#8221;large&#8221; button_style=&#8221;see-through&#8221; button_color_2=&#8221;Accent-Color&#8221; icon_family=&#8221;none&#8221; url=&#8221;https:\/\/gokbora.com\/en\/eng\/?page_id=3513&#8243; text=&#8221;G\u00f6kbora \u00c7erkezk\u00f6y&#8221;][nectar_btn size=&#8221;large&#8221; button_style=&#8221;see-through&#8221; button_color_2=&#8221;Accent-Color&#8221; icon_family=&#8221;none&#8221; url=&#8221;https:\/\/gokbora.com\/en\/?page_id=3526&#8243; text=&#8221;G\u00f6kbora \u0130ST Airport&#8221;][nectar_btn size=&#8221;large&#8221; button_style=&#8221;see-through&#8221; button_color_2=&#8221;Accent-Color&#8221; icon_family=&#8221;none&#8221; url=&#8221;https:\/\/gokbora.com\/en\/?page_id=7945&#8243; text=&#8221;G\u00f6kbora \u0130ST Maltepe&#8221;][\/vc_column][\/vc_row][vc_row type=&#8221;in_container&#8221; full_screen_row_position=&#8221;middle&#8221; scene_position=&#8221;center&#8221; text_color=&#8221;dark&#8221; text_align=&#8221;left&#8221; overlay_strength=&#8221;0.3&#8243; shape_divider_position=&#8221;bottom&#8221; bg_image_animation=&#8221;none&#8221;][vc_column column_padding=&#8221;no-extra-padding&#8221; column_padding_position=&#8221;all&#8221; background_color_opacity=&#8221;1&#8243; background_hover_color_opacity=&#8221;1&#8243; column_link_target=&#8221;_self&#8221; column_shadow=&#8221;none&#8221; column_border_radius=&#8221;none&#8221; width=&#8221;1\/1&#8243; tablet_width_inherit=&#8221;default&#8221; tablet_text_alignment=&#8221;default&#8221; phone_text_alignment=&#8221;default&#8221; column_border_width=&#8221;none&#8221; column_border_style=&#8221;solid&#8221; bg_image_animation=&#8221;none&#8221;][vc_column_text]\n<table border=\"0\" width=\"100%\" cellspacing=\"0\" cellpadding=\"2\">\n<tbody>\n<tr>\n<td width=\"101\"><strong>Phone 1<\/strong><\/td>\n<td width=\"291\">+902126826362<\/td>\n<\/tr>\n<tr>\n<td><strong>Phone 2<\/strong><\/td>\n<td><\/td>\n<\/tr>\n<tr>\n<td><strong>Fax<\/strong><\/td>\n<td><\/td>\n<\/tr>\n<tr>\n<td><strong>E-Mail<\/strong><\/td>\n<td>air@gokbora.com<\/td>\n<\/tr>\n<tr>\n<td><strong>Web<\/strong><\/td>\n<td>www.gokbora.com<\/td>\n<\/tr>\n<tr>\n<td valign=\"top\"><strong>Address<\/strong><\/td>\n<td>Tayakad\u0131n, Cephanelik Sk. No 29, 34277 Arnavutk\u00f6y\/\u0130stanbul<\/td>\n<\/tr>\n<\/tbody>\n<\/table>\n[\/vc_column_text][\/vc_column][\/vc_row][vc_row type=&#8221;in_container&#8221; full_screen_row_position=&#8221;middle&#8221; scene_position=&#8221;center&#8221; text_color=&#8221;dark&#8221; text_align=&#8221;left&#8221; overlay_strength=&#8221;0.3&#8243; shape_divider_position=&#8221;bottom&#8221; bg_image_animation=&#8221;none&#8221;][vc_column column_padding=&#8221;no-extra-padding&#8221; column_padding_position=&#8221;all&#8221; background_color_opacity=&#8221;1&#8243; background_hover_color_opacity=&#8221;1&#8243; column_link_target=&#8221;_self&#8221; column_shadow=&#8221;none&#8221; column_border_radius=&#8221;none&#8221; width=&#8221;1\/2&#8243; tablet_width_inherit=&#8221;default&#8221; tablet_text_alignment=&#8221;default&#8221; phone_text_alignment=&#8221;default&#8221; column_border_width=&#8221;none&#8221; column_border_style=&#8221;solid&#8221; bg_image_animation=&#8221;none&#8221;][nectar_btn size=&#8221;jumbo&#8221; button_style=&#8221;see-through-2&#8243; color_override=&#8221;#007dd4&#8243; hover_text_color_override=&#8221;#ffffff&#8221; icon_family=&#8221;none&#8221; el_class=&#8221;lokasyon-buton&#8221; url=&#8221;call:+902126826362&#8243; text=&#8221;CALL NOW&#8221;][\/vc_column][vc_column column_padding=&#8221;no-extra-padding&#8221; column_padding_position=&#8221;all&#8221; background_color_opacity=&#8221;1&#8243; background_hover_color_opacity=&#8221;1&#8243; column_link_target=&#8221;_self&#8221; column_shadow=&#8221;none&#8221; column_border_radius=&#8221;none&#8221; width=&#8221;1\/2&#8243; tablet_width_inherit=&#8221;default&#8221; tablet_text_alignment=&#8221;default&#8221; phone_text_alignment=&#8221;default&#8221; column_border_width=&#8221;none&#8221; column_border_style=&#8221;solid&#8221; bg_image_animation=&#8221;none&#8221;][nectar_btn size=&#8221;jumbo&#8221; open_new_tab=&#8221;true&#8221; button_style=&#8221;see-through-2&#8243; color_override=&#8221;#e97e00&#8243; hover_text_color_override=&#8221;#ffffff&#8221; icon_family=&#8221;none&#8221; el_class=&#8221;lokasyon-buton&#8221; url=&#8221;https:\/\/goo.gl\/maps\/FNCdHGwWvyzeRGVv9&#8243; text=&#8221;NAVIGATION&#8221;][\/vc_column][\/vc_row][vc_row type=&#8221;in_container&#8221; full_screen_row_position=&#8221;middle&#8221; scene_position=&#8221;center&#8221; text_color=&#8221;dark&#8221; text_align=&#8221;left&#8221; overlay_strength=&#8221;0.3&#8243; shape_divider_position=&#8221;bottom&#8221; bg_image_animation=&#8221;none&#8221;][vc_column column_padding=&#8221;no-extra-padding&#8221; column_padding_position=&#8221;all&#8221; background_color_opacity=&#8221;1&#8243; background_hover_color_opacity=&#8221;1&#8243; column_link_target=&#8221;_self&#8221; column_shadow=&#8221;none&#8221; column_border_radius=&#8221;none&#8221; width=&#8221;1\/1&#8243; tablet_width_inherit=&#8221;default&#8221; tablet_text_alignment=&#8221;default&#8221; phone_text_alignment=&#8221;default&#8221; column_border_width=&#8221;none&#8221; column_border_style=&#8221;solid&#8221; bg_image_animation=&#8221;none&#8221;][image_with_animation image_url=&#8221;7609&#8243; alignment=&#8221;center&#8221; animation=&#8221;Fade In&#8221; img_link_large=&#8221;yes&#8221; border_radius=&#8221;10px&#8221; box_shadow=&#8221;medium_depth&#8221; max_width=&#8221;100%&#8221;][\/vc_column][\/vc_row][vc_row type=&#8221;full_width_content&#8221; full_screen_row_position=&#8221;middle&#8221; bg_color=&#8221;#282828&#8243; scene_position=&#8221;center&#8221; text_color=&#8221;dark&#8221; text_align=&#8221;left&#8221; overlay_strength=&#8221;0.3&#8243; shape_divider_position=&#8221;bottom&#8221; bg_image_animation=&#8221;none&#8221; shape_type=&#8221;&#8221;][vc_column column_padding=&#8221;no-extra-padding&#8221; column_padding_position=&#8221;all&#8221; background_color_opacity=&#8221;1&#8243; background_hover_color_opacity=&#8221;1&#8243; column_link_target=&#8221;_self&#8221; column_shadow=&#8221;none&#8221; column_border_radius=&#8221;none&#8221; width=&#8221;1\/1&#8243; tablet_width_inherit=&#8221;default&#8221; tablet_text_alignment=&#8221;default&#8221; phone_text_alignment=&#8221;default&#8221; column_border_width=&#8221;none&#8221; column_border_style=&#8221;solid&#8221; bg_image_animation=&#8221;none&#8221;][nectar_gmap map_type=&#8221;leaflet&#8221; zoom=&#8221;15&#8243; marker_style=&#8221;nectar&#8221; color=&#8221;accent-color&#8221; leaflet_map_greyscale=&#8221;1&#8243; infowindow_start_open=&#8221;1&#8243; size=&#8221;400&#8243; map_center_lat=&#8221;41.26685276517405&#8243; map_center_lng=&#8221;28.69330391171162&#8243; map_markers=&#8221;41.26685276517405|28.69330391171162|G\u00f6kbora \u0130ST. Havaliman\u0131 &#8211; Tayakad\u0131n, Cephanelik Sk. No 29, 34277 Arnavutk\u00f6y \/ \u0130stanbul<br \/>\n\/ T\u00fcrkiye&#8221;][\/vc_column][\/vc_row][vc_row type=&#8221;in_container&#8221; full_screen_row_position=&#8221;middle&#8221; scene_position=&#8221;center&#8221; text_color=&#8221;dark&#8221; text_align=&#8221;left&#8221; top_padding=&#8221;5%&#8221; class=&#8221;hidedesktopcss&#8221; overlay_strength=&#8221;0.3&#8243; shape_divider_position=&#8221;bottom&#8221; bg_image_animation=&#8221;none&#8221; shape_type=&#8221;&#8221;][vc_column column_padding=&#8221;no-extra-padding&#8221; column_padding_position=&#8221;all&#8221; background_color_opacity=&#8221;1&#8243; background_hover_color_opacity=&#8221;1&#8243; column_link_target=&#8221;_self&#8221; column_shadow=&#8221;none&#8221; column_border_radius=&#8221;none&#8221; width=&#8221;1\/1&#8243; tablet_width_inherit=&#8221;default&#8221; tablet_text_alignment=&#8221;default&#8221; phone_text_alignment=&#8221;default&#8221; column_border_width=&#8221;none&#8221; column_border_style=&#8221;solid&#8221; bg_image_animation=&#8221;none&#8221;][nectar_btn size=&#8221;large&#8221; button_style=&#8221;see-through&#8221; button_color_2=&#8221;Accent-Color&#8221; icon_family=&#8221;none&#8221; url=&#8221;https:\/\/gokbora.com\/en\/?page_id=2134&#8243; text=&#8221;G\u00f6kbora Headquarter&#8221;][nectar_btn size=&#8221;large&#8221; button_style=&#8221;see-through&#8221; button_color_2=&#8221;Accent-Color&#8221; icon_family=&#8221;none&#8221; url=&#8221;https:\/\/gokbora.com\/en\/?page_id=2167&#8243; text=&#8221;G\u00f6kbora Anatolian Istanbul&#8221;][nectar_btn size=&#8221;large&#8221; button_style=&#8221;see-through&#8221; button_color_2=&#8221;Accent-Color&#8221; icon_family=&#8221;none&#8221; url=&#8221;https:\/\/gokbora.com\/en\/eng\/?page_id=2145&#8243; text=&#8221;G\u00f6kbora Bursa&#8221;][nectar_btn size=&#8221;large&#8221; button_style=&#8221;see-through&#8221; button_color_2=&#8221;Accent-Color&#8221; icon_family=&#8221;none&#8221; url=&#8221;https:\/\/gokbora.com\/en\/eng\/?page_id=2154&#8243; text=&#8221;G\u00f6kbora \u0130zmir&#8221;][nectar_btn size=&#8221;large&#8221; button_style=&#8221;see-through&#8221; button_color_2=&#8221;Accent-Color&#8221; icon_family=&#8221;none&#8221; url=&#8221;https:\/\/gokbora.com\/en\/eng\/?page_id=2163&#8243; text=&#8221;G\u00f6kbora Adana&#8221;][nectar_btn size=&#8221;large&#8221; button_style=&#8221;see-through&#8221; button_color_2=&#8221;Accent-Color&#8221; icon_family=&#8221;none&#8221; url=&#8221;https:\/\/gokbora.com\/en\/eng\/?page_id=2171&#8243; text=&#8221;G\u00f6kbora Ankara&#8221;][nectar_btn size=&#8221;large&#8221; button_style=&#8221;see-through&#8221; button_color_2=&#8221;Accent-Color&#8221; icon_family=&#8221;none&#8221; url=&#8221;https:\/\/gokbora.com\/en\/eng\/?page_id=3513&#8243; text=&#8221;G\u00f6kbora \u00c7erkezk\u00f6y&#8221;][nectar_btn size=&#8221;large&#8221; button_style=&#8221;see-through&#8221; button_color_2=&#8221;Accent-Color&#8221; icon_family=&#8221;none&#8221; url=&#8221;https:\/\/gokbora.com\/en\/?page_id=3526&#8243; text=&#8221;G\u00f6kbora \u0130ST Airport&#8221;][nectar_btn size=&#8221;large&#8221; button_style=&#8221;see-through&#8221; button_color_2=&#8221;Accent-Color&#8221; icon_family=&#8221;none&#8221; url=&#8221;https:\/\/gokbora.com\/en\/?page_id=7945&#8243; text=&#8221;G\u00f6kbora \u0130ST Maltepe&#8221;][\/vc_column][\/vc_row]\n","protected":false},"excerpt":{"rendered":"<p>[vc_row type=&#8221;full_width_background&#8221; full_screen_row_position=&#8221;middle&#8221; bg_image=&#8221;6938&#8243; bg_position=&#8221;center center&#8221; bg_repeat=&#8221;repeat&#8221; bg_color=&#8221;#282828&#8243; scene_position=&#8221;center&#8221; text_color=&#8221;dark&#8221; text_align=&#8221;left&#8221; color_overlay=&#8221;#282828&#8243; overlay_strength=&#8221;0.95&#8243; shape_divider_position=&#8221;bottom&#8221; bg_image_animation=&#8221;none&#8221; shape_type=&#8221;&#8221;][vc_column column_padding=&#8221;no-extra-padding&#8221; column_padding_position=&#8221;all&#8221; background_color_opacity=&#8221;1&#8243; background_hover_color_opacity=&#8221;1&#8243; column_link_target=&#8221;_self&#8221; column_shadow=&#8221;none&#8221; column_border_radius=&#8221;none&#8221; width=&#8221;1\/1&#8243; tablet_width_inherit=&#8221;default&#8221; tablet_text_alignment=&#8221;default&#8221; phone_text_alignment=&#8221;default&#8221; column_border_width=&#8221;none&#8221; column_border_style=&#8221;solid&#8221; bg_image_animation=&#8221;none&#8221;][vc_gallery&#8230;<\/p>\n","protected":false},"author":2,"featured_media":0,"parent":6891,"menu_order":0,"comment_status":"closed","ping_status":"closed","template":"","meta":{"footnotes":""},"class_list":["post-3526","page","type-page","status-publish"],"yoast_head":"<!-- This site is optimized with the Yoast SEO plugin v25.5 - https:\/\/yoast.com\/wordpress\/plugins\/seo\/ -->\n<title>G\u00f6kbora \u0130ST - Airport - G\u00f6kbora International Transport<\/title>\n<meta name=\"robots\" content=\"index, follow, max-snippet:-1, max-image-preview:large, max-video-preview:-1\" \/>\n<link rel=\"canonical\" href=\"https:\/\/gokbora.com\/en\/location\/gokbora-ist-airport\/\" \/>\n<meta property=\"og:locale\" content=\"en_US\" \/>\n<meta property=\"og:type\" content=\"article\" \/>\n<meta property=\"og:title\" content=\"G\u00f6kbora \u0130ST - Airport - G\u00f6kbora International Transport\" \/>\n<meta property=\"og:description\" content=\"[vc_row type=&#8221;full_width_background&#8221; full_screen_row_position=&#8221;middle&#8221; bg_image=&#8221;6938&#8243; bg_position=&#8221;center center&#8221; bg_repeat=&#8221;repeat&#8221; bg_color=&#8221;#282828&#8243; scene_position=&#8221;center&#8221; text_color=&#8221;dark&#8221; text_align=&#8221;left&#8221; color_overlay=&#8221;#282828&#8243; overlay_strength=&#8221;0.95&#8243; shape_divider_position=&#8221;bottom&#8221; bg_image_animation=&#8221;none&#8221; shape_type=&#8221;&#8221;][vc_column column_padding=&#8221;no-extra-padding&#8221; column_padding_position=&#8221;all&#8221; background_color_opacity=&#8221;1&#8243; background_hover_color_opacity=&#8221;1&#8243; column_link_target=&#8221;_self&#8221; column_shadow=&#8221;none&#8221; column_border_radius=&#8221;none&#8221; width=&#8221;1\/1&#8243; tablet_width_inherit=&#8221;default&#8221; tablet_text_alignment=&#8221;default&#8221; phone_text_alignment=&#8221;default&#8221; column_border_width=&#8221;none&#8221; column_border_style=&#8221;solid&#8221; bg_image_animation=&#8221;none&#8221;][vc_gallery...\" \/>\n<meta property=\"og:url\" content=\"https:\/\/gokbora.com\/en\/location\/gokbora-ist-airport\/\" \/>\n<meta property=\"og:site_name\" content=\"G\u00f6kbora International Transport\" \/>\n<meta property=\"article:modified_time\" content=\"2025-02-21T23:02:18+00:00\" \/>\n<meta name=\"twitter:card\" content=\"summary_large_image\" \/>\n<meta name=\"twitter:label1\" content=\"Est. reading time\" \/>\n\t<meta name=\"twitter:data1\" content=\"3 minutes\" \/>\n<script type=\"application\/ld+json\" class=\"yoast-schema-graph\">{\"@context\":\"https:\/\/schema.org\",\"@graph\":[{\"@type\":\"WebPage\",\"@id\":\"https:\/\/gokbora.com\/en\/location\/gokbora-ist-airport\/\",\"url\":\"https:\/\/gokbora.com\/en\/location\/gokbora-ist-airport\/\",\"name\":\"G\u00f6kbora \u0130ST - Airport - G\u00f6kbora International Transport\",\"isPartOf\":{\"@id\":\"https:\/\/gokbora.com\/en\/#website\"},\"datePublished\":\"2020-08-14T23:25:47+00:00\",\"dateModified\":\"2025-02-21T23:02:18+00:00\",\"breadcrumb\":{\"@id\":\"https:\/\/gokbora.com\/en\/location\/gokbora-ist-airport\/#breadcrumb\"},\"inLanguage\":\"en-US\",\"potentialAction\":[{\"@type\":\"ReadAction\",\"target\":[\"https:\/\/gokbora.com\/en\/location\/gokbora-ist-airport\/\"]}]},{\"@type\":\"BreadcrumbList\",\"@id\":\"https:\/\/gokbora.com\/en\/location\/gokbora-ist-airport\/#breadcrumb\",\"itemListElement\":[{\"@type\":\"ListItem\",\"position\":1,\"name\":\"Home\",\"item\":\"https:\/\/gokbora.com\/en\/\"},{\"@type\":\"ListItem\",\"position\":2,\"name\":\"Location\",\"item\":\"https:\/\/gokbora.com\/en\/location\/\"},{\"@type\":\"ListItem\",\"position\":3,\"name\":\"G\u00f6kbora \u0130ST &#8211; Airport\"}]},{\"@type\":\"WebSite\",\"@id\":\"https:\/\/gokbora.com\/en\/#website\",\"url\":\"https:\/\/gokbora.com\/en\/\",\"name\":\"G\u00f6kbora International Transport\",\"description\":\"Land, Air, Sea, Project, Multimodal Transport\",\"potentialAction\":[{\"@type\":\"SearchAction\",\"target\":{\"@type\":\"EntryPoint\",\"urlTemplate\":\"https:\/\/gokbora.com\/en\/?s={search_term_string}\"},\"query-input\":{\"@type\":\"PropertyValueSpecification\",\"valueRequired\":true,\"valueName\":\"search_term_string\"}}],\"inLanguage\":\"en-US\"}]}<\/script>\n<!-- \/ Yoast SEO plugin. -->","yoast_head_json":{"title":"G\u00f6kbora \u0130ST - Airport - G\u00f6kbora International Transport","robots":{"index":"index","follow":"follow","max-snippet":"max-snippet:-1","max-image-preview":"max-image-preview:large","max-video-preview":"max-video-preview:-1"},"canonical":"https:\/\/gokbora.com\/en\/location\/gokbora-ist-airport\/","og_locale":"en_US","og_type":"article","og_title":"G\u00f6kbora \u0130ST - Airport - G\u00f6kbora International Transport","og_description":"[vc_row type=&#8221;full_width_background&#8221; full_screen_row_position=&#8221;middle&#8221; bg_image=&#8221;6938&#8243; bg_position=&#8221;center center&#8221; bg_repeat=&#8221;repeat&#8221; bg_color=&#8221;#282828&#8243; scene_position=&#8221;center&#8221; text_color=&#8221;dark&#8221; text_align=&#8221;left&#8221; color_overlay=&#8221;#282828&#8243; overlay_strength=&#8221;0.95&#8243; shape_divider_position=&#8221;bottom&#8221; bg_image_animation=&#8221;none&#8221; shape_type=&#8221;&#8221;][vc_column column_padding=&#8221;no-extra-padding&#8221; column_padding_position=&#8221;all&#8221; background_color_opacity=&#8221;1&#8243; background_hover_color_opacity=&#8221;1&#8243; column_link_target=&#8221;_self&#8221; column_shadow=&#8221;none&#8221; column_border_radius=&#8221;none&#8221; width=&#8221;1\/1&#8243; tablet_width_inherit=&#8221;default&#8221; tablet_text_alignment=&#8221;default&#8221; phone_text_alignment=&#8221;default&#8221; column_border_width=&#8221;none&#8221; column_border_style=&#8221;solid&#8221; bg_image_animation=&#8221;none&#8221;][vc_gallery...","og_url":"https:\/\/gokbora.com\/en\/location\/gokbora-ist-airport\/","og_site_name":"G\u00f6kbora International Transport","article_modified_time":"2025-02-21T23:02:18+00:00","twitter_card":"summary_large_image","twitter_misc":{"Est. reading time":"3 minutes"},"schema":{"@context":"https:\/\/schema.org","@graph":[{"@type":"WebPage","@id":"https:\/\/gokbora.com\/en\/location\/gokbora-ist-airport\/","url":"https:\/\/gokbora.com\/en\/location\/gokbora-ist-airport\/","name":"G\u00f6kbora \u0130ST - Airport - G\u00f6kbora International Transport","isPartOf":{"@id":"https:\/\/gokbora.com\/en\/#website"},"datePublished":"2020-08-14T23:25:47+00:00","dateModified":"2025-02-21T23:02:18+00:00","breadcrumb":{"@id":"https:\/\/gokbora.com\/en\/location\/gokbora-ist-airport\/#breadcrumb"},"inLanguage":"en-US","potentialAction":[{"@type":"ReadAction","target":["https:\/\/gokbora.com\/en\/location\/gokbora-ist-airport\/"]}]},{"@type":"BreadcrumbList","@id":"https:\/\/gokbora.com\/en\/location\/gokbora-ist-airport\/#breadcrumb","itemListElement":[{"@type":"ListItem","position":1,"name":"Home","item":"https:\/\/gokbora.com\/en\/"},{"@type":"ListItem","position":2,"name":"Location","item":"https:\/\/gokbora.com\/en\/location\/"},{"@type":"ListItem","position":3,"name":"G\u00f6kbora \u0130ST &#8211; Airport"}]},{"@type":"WebSite","@id":"https:\/\/gokbora.com\/en\/#website","url":"https:\/\/gokbora.com\/en\/","name":"G\u00f6kbora International Transport","description":"Land, Air, Sea, Project, Multimodal Transport","potentialAction":[{"@type":"SearchAction","target":{"@type":"EntryPoint","urlTemplate":"https:\/\/gokbora.com\/en\/?s={search_term_string}"},"query-input":{"@type":"PropertyValueSpecification","valueRequired":true,"valueName":"search_term_string"}}],"inLanguage":"en-US"}]}},"_links":{"self":[{"href":"https:\/\/gokbora.com\/en\/wp-json\/wp\/v2\/pages\/3526","targetHints":{"allow":["GET"]}}],"collection":[{"href":"https:\/\/gokbora.com\/en\/wp-json\/wp\/v2\/pages"}],"about":[{"href":"https:\/\/gokbora.com\/en\/wp-json\/wp\/v2\/types\/page"}],"author":[{"embeddable":true,"href":"https:\/\/gokbora.com\/en\/wp-json\/wp\/v2\/users\/2"}],"replies":[{"embeddable":true,"href":"https:\/\/gokbora.com\/en\/wp-json\/wp\/v2\/comments?post=3526"}],"version-history":[{"count":14,"href":"https:\/\/gokbora.com\/en\/wp-json\/wp\/v2\/pages\/3526\/revisions"}],"predecessor-version":[{"id":7956,"href":"https:\/\/gokbora.com\/en\/wp-json\/wp\/v2\/pages\/3526\/revisions\/7956"}],"up":[{"embeddable":true,"href":"https:\/\/gokbora.com\/en\/wp-json\/wp\/v2\/pages\/6891"}],"wp:attachment":[{"href":"https:\/\/gokbora.com\/en\/wp-json\/wp\/v2\/media?parent=3526"}],"curies":[{"name":"wp","href":"https:\/\/api.w.org\/{rel}","templated":true}]}}