{"id":2167,"date":"2016-03-21T02:43:37","date_gmt":"2016-03-21T02:43:37","guid":{"rendered":"http:\/\/www.gokbora.com\/?page_id=2167"},"modified":"2025-02-21T23:03:22","modified_gmt":"2025-02-21T23:03:22","slug":"gokbora-anatolian-istanbul","status":"publish","type":"page","link":"https:\/\/gokbora.com\/en\/location\/gokbora-anatolian-istanbul\/","title":{"rendered":"G\u00f6kbora Anatolian \/ Istanbul"},"content":{"rendered":"[vc_row type=&#8221;full_width_background&#8221; full_screen_row_position=&#8221;middle&#8221; bg_image=&#8221;6938&#8243; bg_position=&#8221;center center&#8221; bg_repeat=&#8221;repeat&#8221; bg_color=&#8221;#282828&#8243; scene_position=&#8221;center&#8221; text_color=&#8221;dark&#8221; text_align=&#8221;left&#8221; color_overlay=&#8221;#282828&#8243; overlay_strength=&#8221;0.95&#8243; shape_divider_position=&#8221;bottom&#8221; bg_image_animation=&#8221;none&#8221; shape_type=&#8221;&#8221;][vc_column column_padding=&#8221;no-extra-padding&#8221; column_padding_position=&#8221;all&#8221; background_color_opacity=&#8221;1&#8243; background_hover_color_opacity=&#8221;1&#8243; column_link_target=&#8221;_self&#8221; column_shadow=&#8221;none&#8221; column_border_radius=&#8221;none&#8221; width=&#8221;1\/1&#8243; tablet_width_inherit=&#8221;default&#8221; tablet_text_alignment=&#8221;default&#8221; phone_text_alignment=&#8221;default&#8221; column_border_width=&#8221;none&#8221; column_border_style=&#8221;solid&#8221; bg_image_animation=&#8221;none&#8221;][vc_gallery type=&#8221;flickity_style&#8221; images=&#8221;7607,7440,6760,7349,6922,6920,7345,6910,7348,6914,6915,6916,6917,6918,6921,6923,6924,6925,7338,7339,7340,7341,7342,7343,7352,7344,7346,7347,7350,7351,7353,7354&#8243; flickity_controls=&#8221;pagination&#8221; flickity_desktop_columns=&#8221;5&#8243; flickity_small_desktop_columns=&#8221;3&#8243; flickity_tablet_columns=&#8221;1&#8243; flickity_free_scroll=&#8221;true&#8221; flickity_autoplay=&#8221;true&#8221; flickity_box_shadow=&#8221;none&#8221; onclick=&#8221;link_image&#8221; img_size=&#8221;thumbnail&#8221; flickity_autoplay_dur=&#8221;5000&#8243;][\/vc_column][\/vc_row][vc_row type=&#8221;in_container&#8221; full_screen_row_position=&#8221;middle&#8221; scene_position=&#8221;center&#8221; text_color=&#8221;dark&#8221; text_align=&#8221;left&#8221; top_padding=&#8221;5%&#8221; overlay_strength=&#8221;0.3&#8243; shape_divider_position=&#8221;bottom&#8221; bg_image_animation=&#8221;none&#8221; shape_type=&#8221;&#8221;][vc_column column_padding=&#8221;no-extra-padding&#8221; column_padding_position=&#8221;all&#8221; background_color_opacity=&#8221;1&#8243; background_hover_color_opacity=&#8221;1&#8243; column_link_target=&#8221;_self&#8221; column_shadow=&#8221;none&#8221; column_border_radius=&#8221;none&#8221; width=&#8221;2\/3&#8243; tablet_width_inherit=&#8221;default&#8221; tablet_text_alignment=&#8221;default&#8221; phone_text_alignment=&#8221;default&#8221; column_border_width=&#8221;none&#8221; column_border_style=&#8221;solid&#8221; bg_image_animation=&#8221;none&#8221;][vc_column_text]Our Regional Directorate, established in 2006, is on 57,000 m\u00b2 area and has a total of 43,000 m2 indoor storage area.<\/p>\n<p>It virtually acts a Logistics Terminal due to its easy connection to Anatolian Highway and its close distance to Customs Offices nearby. In our facility, indoor and outdoor warehouses bounded to Erenk\u00f6y Customs Office, indoor warehouse bounded to Gebze Customs Office as well as unbounded warehouses in various sizes and properties are available.<\/p>\n<p>Transportation, warehouse, warehouse, handling, distribution and return product logistics services to our customers in many sectors particularly in automotive and chemistry sectors are provided by our Regional Directorate.<\/p>\n<p>In this facility, where a total of 26 expert people are employed, there are loading equipment in different sizes ranging in capacity of 0-6 tons, delivery van, light truck, truck, TIR and trailers.<\/p>\n<p>Our facility serves to all our customers in the region starting from Anatolian side of Istanbul towards Gebze, Kocaeli, Adapazar\u0131, Bilecik and D\u00fczce.\u00a0 All road-air-sea export, import and domestic deliveries are accepted by our Regional Directorate or they are distributed from our warehouses.<\/p>\n<p>Shelf storage, storage of heavy tonnage materials, inventory management with RF terminals, customer specific control over internet, order management and special rack-self management are some of extra services that we provide. Distances of our facility to logistic locations are as follows,<\/p>\n<h2>\u00a0Regional Advantages<\/h2>\n<ul>\n<li>Erenk\u00f6y Customs Directorate: 30 km<\/li>\n<li>Gebze Customs Directorate: 25 km<\/li>\n<li>Sabiha G\u00f6k\u00e7en Airport: 12 km<\/li>\n<li>Tuzla Free Zone Customs Directorate: 4 km<\/li>\n<li>O. S. B: 7 km<\/li>\n<li>Y\u0131lport Port: 27 km<\/li>\n<li>Haydarpa\u015fa Port: 50 km<\/li>\n<\/ul>\n[\/vc_column_text][\/vc_column][vc_column column_padding=&#8221;no-extra-padding&#8221; column_padding_position=&#8221;all&#8221; background_color_opacity=&#8221;1&#8243; background_hover_color_opacity=&#8221;1&#8243; column_link_target=&#8221;_self&#8221; column_shadow=&#8221;none&#8221; column_border_radius=&#8221;none&#8221; el_class=&#8221;hidemobilecss&#8221; width=&#8221;1\/3&#8243; tablet_width_inherit=&#8221;default&#8221; tablet_text_alignment=&#8221;default&#8221; phone_text_alignment=&#8221;default&#8221; column_border_width=&#8221;none&#8221; column_border_style=&#8221;solid&#8221; bg_image_animation=&#8221;none&#8221;][nectar_btn size=&#8221;large&#8221; button_style=&#8221;see-through&#8221; button_color_2=&#8221;Accent-Color&#8221; icon_family=&#8221;none&#8221; url=&#8221;https:\/\/gokbora.com\/en\/?page_id=2134&#8243; text=&#8221;G\u00f6kbora Headquarter&#8221;][nectar_btn size=&#8221;large&#8221; button_style=&#8221;see-through&#8221; button_color_2=&#8221;Accent-Color&#8221; icon_family=&#8221;none&#8221; url=&#8221;https:\/\/gokbora.com\/\/eng\/?page_id=2167&#8243; text=&#8221;G\u00f6kbora Anatolian Istanbul&#8221;][nectar_btn size=&#8221;large&#8221; button_style=&#8221;see-through&#8221; button_color_2=&#8221;Accent-Color&#8221; icon_family=&#8221;none&#8221; url=&#8221;https:\/\/gokbora.com\/en\/eng\/?page_id=2145&#8243; text=&#8221;G\u00f6kbora Bursa&#8221;][nectar_btn size=&#8221;large&#8221; button_style=&#8221;see-through&#8221; button_color_2=&#8221;Accent-Color&#8221; icon_family=&#8221;none&#8221; url=&#8221;https:\/\/gokbora.com\/en\/eng\/?page_id=2154&#8243; text=&#8221;G\u00f6kbora \u0130zmir&#8221;][nectar_btn size=&#8221;large&#8221; button_style=&#8221;see-through&#8221; button_color_2=&#8221;Accent-Color&#8221; icon_family=&#8221;none&#8221; url=&#8221;https:\/\/gokbora.com\/en\/eng\/?page_id=2163&#8243; text=&#8221;G\u00f6kbora Adana&#8221;][nectar_btn size=&#8221;large&#8221; button_style=&#8221;see-through&#8221; button_color_2=&#8221;Accent-Color&#8221; icon_family=&#8221;none&#8221; url=&#8221;https:\/\/gokbora.com\/en\/eng\/?page_id=2171&#8243; text=&#8221;G\u00f6kbora Ankara&#8221;][nectar_btn size=&#8221;large&#8221; button_style=&#8221;see-through&#8221; button_color_2=&#8221;Accent-Color&#8221; icon_family=&#8221;none&#8221; url=&#8221;https:\/\/gokbora.com\/en\/eng\/?page_id=3513&#8243; text=&#8221;G\u00f6kbora \u00c7erkezk\u00f6y&#8221;][nectar_btn size=&#8221;large&#8221; button_style=&#8221;see-through&#8221; button_color_2=&#8221;Accent-Color&#8221; icon_family=&#8221;none&#8221; url=&#8221;https:\/\/gokbora.com\/en\/eng\/?page_id=3526&#8243; text=&#8221;G\u00f6kbora \u0130ST Havaliman\u0131&#8221;][nectar_btn size=&#8221;large&#8221; button_style=&#8221;see-through&#8221; button_color_2=&#8221;Accent-Color&#8221; icon_family=&#8221;none&#8221; url=&#8221;https:\/\/gokbora.com\/en\/eng\/?page_id=7945&#8243; text=&#8221;G\u00f6kbora \u0130ST Maltepe&#8221;][\/vc_column][\/vc_row][vc_row type=&#8221;in_container&#8221; full_screen_row_position=&#8221;middle&#8221; scene_position=&#8221;center&#8221; text_color=&#8221;dark&#8221; text_align=&#8221;left&#8221; overlay_strength=&#8221;0.3&#8243; shape_divider_position=&#8221;bottom&#8221; bg_image_animation=&#8221;none&#8221;][vc_column column_padding=&#8221;no-extra-padding&#8221; column_padding_position=&#8221;all&#8221; background_color_opacity=&#8221;1&#8243; background_hover_color_opacity=&#8221;1&#8243; column_link_target=&#8221;_self&#8221; column_shadow=&#8221;none&#8221; column_border_radius=&#8221;none&#8221; width=&#8221;1\/1&#8243; tablet_width_inherit=&#8221;default&#8221; tablet_text_alignment=&#8221;default&#8221; phone_text_alignment=&#8221;default&#8221; column_border_width=&#8221;none&#8221; column_border_style=&#8221;solid&#8221; bg_image_animation=&#8221;none&#8221;][vc_column_text]\n<table border=\"0\" width=\"100%\" cellspacing=\"0\" cellpadding=\"2\">\n<tbody>\n<tr>\n<td width=\"101\"><strong>Phone 1<\/strong><\/td>\n<td width=\"291\">0216 593 21 45<\/td>\n<\/tr>\n<tr>\n<td><strong>Phone 2<\/strong><\/td>\n<td>0216 593 21 46<\/td>\n<\/tr>\n<tr>\n<td><strong>Fax<\/strong><\/td>\n<td>0216 593 21 47<\/td>\n<\/tr>\n<tr>\n<td><strong>E-Mail<\/strong><\/td>\n<td>gbrtepeoren@gokbora.com<\/td>\n<\/tr>\n<tr>\n<td><strong>Web<\/strong><\/td>\n<td>www.gokbora.com<\/td>\n<\/tr>\n<tr>\n<td valign=\"top\"><strong>Address<\/strong><\/td>\n<td>Eski \u0130zmit yolu Tepe\u00f6ren mah. \u00e7\u0131k\u0131\u015f\u0131 34950 Tuzla \/ \u0130STANBUL<\/td>\n<\/tr>\n<\/tbody>\n<\/table>\n[\/vc_column_text][\/vc_column][\/vc_row][vc_row type=&#8221;in_container&#8221; full_screen_row_position=&#8221;middle&#8221; scene_position=&#8221;center&#8221; text_color=&#8221;dark&#8221; text_align=&#8221;left&#8221; overlay_strength=&#8221;0.3&#8243; shape_divider_position=&#8221;bottom&#8221; bg_image_animation=&#8221;none&#8221;][vc_column column_padding=&#8221;no-extra-padding&#8221; column_padding_position=&#8221;all&#8221; background_color_opacity=&#8221;1&#8243; background_hover_color_opacity=&#8221;1&#8243; column_link_target=&#8221;_self&#8221; column_shadow=&#8221;none&#8221; column_border_radius=&#8221;none&#8221; width=&#8221;1\/2&#8243; tablet_width_inherit=&#8221;default&#8221; tablet_text_alignment=&#8221;default&#8221; phone_text_alignment=&#8221;default&#8221; column_border_width=&#8221;none&#8221; column_border_style=&#8221;solid&#8221; bg_image_animation=&#8221;none&#8221;][nectar_btn size=&#8221;jumbo&#8221; button_style=&#8221;see-through-2&#8243; color_override=&#8221;#007dd4&#8243; hover_text_color_override=&#8221;#ffffff&#8221; icon_family=&#8221;none&#8221; el_class=&#8221;lokasyon-buton&#8221; url=&#8221;call:+902165932145&#8243; text=&#8221;CALL NOW&#8221;][\/vc_column][vc_column column_padding=&#8221;no-extra-padding&#8221; column_padding_position=&#8221;all&#8221; background_color_opacity=&#8221;1&#8243; background_hover_color_opacity=&#8221;1&#8243; column_link_target=&#8221;_self&#8221; column_shadow=&#8221;none&#8221; column_border_radius=&#8221;none&#8221; width=&#8221;1\/2&#8243; tablet_width_inherit=&#8221;default&#8221; tablet_text_alignment=&#8221;default&#8221; phone_text_alignment=&#8221;default&#8221; column_border_width=&#8221;none&#8221; column_border_style=&#8221;solid&#8221; bg_image_animation=&#8221;none&#8221;][nectar_btn size=&#8221;jumbo&#8221; open_new_tab=&#8221;true&#8221; button_style=&#8221;see-through-2&#8243; color_override=&#8221;#e97e00&#8243; hover_text_color_override=&#8221;#ffffff&#8221; icon_family=&#8221;none&#8221; el_class=&#8221;lokasyon-buton&#8221; url=&#8221;https:\/\/goo.gl\/maps\/L8RaAnjK2SGPz5tr8&#8243; text=&#8221;NAVIGATION&#8221;][\/vc_column][\/vc_row][vc_row type=&#8221;in_container&#8221; full_screen_row_position=&#8221;middle&#8221; scene_position=&#8221;center&#8221; text_color=&#8221;dark&#8221; text_align=&#8221;left&#8221; overlay_strength=&#8221;0.3&#8243; shape_divider_position=&#8221;bottom&#8221; bg_image_animation=&#8221;none&#8221;][vc_column column_padding=&#8221;no-extra-padding&#8221; column_padding_position=&#8221;all&#8221; background_color_opacity=&#8221;1&#8243; background_hover_color_opacity=&#8221;1&#8243; column_link_target=&#8221;_self&#8221; column_shadow=&#8221;none&#8221; column_border_radius=&#8221;none&#8221; width=&#8221;1\/1&#8243; tablet_width_inherit=&#8221;default&#8221; tablet_text_alignment=&#8221;default&#8221; phone_text_alignment=&#8221;default&#8221; column_border_width=&#8221;none&#8221; column_border_style=&#8221;solid&#8221; bg_image_animation=&#8221;none&#8221;][image_with_animation image_url=&#8221;7609&#8243; alignment=&#8221;center&#8221; animation=&#8221;Fade In&#8221; img_link_large=&#8221;yes&#8221; border_radius=&#8221;10px&#8221; box_shadow=&#8221;medium_depth&#8221; max_width=&#8221;100%&#8221;][\/vc_column][\/vc_row][vc_row type=&#8221;full_width_content&#8221; full_screen_row_position=&#8221;middle&#8221; bg_color=&#8221;#282828&#8243; scene_position=&#8221;center&#8221; text_color=&#8221;dark&#8221; text_align=&#8221;left&#8221; overlay_strength=&#8221;0.3&#8243; shape_divider_position=&#8221;bottom&#8221; bg_image_animation=&#8221;none&#8221; shape_type=&#8221;&#8221;][vc_column column_padding=&#8221;no-extra-padding&#8221; column_padding_position=&#8221;all&#8221; background_color_opacity=&#8221;1&#8243; background_hover_color_opacity=&#8221;1&#8243; column_link_target=&#8221;_self&#8221; column_shadow=&#8221;none&#8221; column_border_radius=&#8221;none&#8221; width=&#8221;1\/1&#8243; tablet_width_inherit=&#8221;default&#8221; tablet_text_alignment=&#8221;default&#8221; phone_text_alignment=&#8221;default&#8221; column_border_width=&#8221;none&#8221; column_border_style=&#8221;solid&#8221; bg_image_animation=&#8221;none&#8221;][nectar_gmap map_type=&#8221;leaflet&#8221; zoom=&#8221;15&#8243; marker_style=&#8221;nectar&#8221; color=&#8221;accent-color&#8221; leaflet_map_greyscale=&#8221;1&#8243; infowindow_start_open=&#8221;1&#8243; size=&#8221;400&#8243; map_center_lat=&#8221;40.89952959885384&#8243; map_center_lng=&#8221;29.40460998460291&#8243; map_markers=&#8221;40.89952959885384|29.40460998460291|G\u00f6kbora \u0130ST. Anadolu &#8211; Eski \u0130zmit yolu Tepe\u00f6ren mah. \u00e7\u0131k\u0131\u015f\u0131 34950 Tuzla \/ \u0130STANBUL<br \/>\n\/ T\u00fcrkiye&#8221;][\/vc_column][\/vc_row][vc_row type=&#8221;in_container&#8221; full_screen_row_position=&#8221;middle&#8221; scene_position=&#8221;center&#8221; text_color=&#8221;dark&#8221; text_align=&#8221;left&#8221; top_padding=&#8221;5%&#8221; class=&#8221;hidedesktopcss&#8221; overlay_strength=&#8221;0.3&#8243; shape_divider_position=&#8221;bottom&#8221; bg_image_animation=&#8221;none&#8221; shape_type=&#8221;&#8221;][vc_column column_padding=&#8221;no-extra-padding&#8221; column_padding_position=&#8221;all&#8221; background_color_opacity=&#8221;1&#8243; background_hover_color_opacity=&#8221;1&#8243; column_link_target=&#8221;_self&#8221; column_shadow=&#8221;none&#8221; column_border_radius=&#8221;none&#8221; width=&#8221;1\/1&#8243; tablet_width_inherit=&#8221;default&#8221; tablet_text_alignment=&#8221;default&#8221; phone_text_alignment=&#8221;default&#8221; column_border_width=&#8221;none&#8221; column_border_style=&#8221;solid&#8221; bg_image_animation=&#8221;none&#8221;][nectar_btn size=&#8221;large&#8221; button_style=&#8221;see-through&#8221; button_color_2=&#8221;Accent-Color&#8221; icon_family=&#8221;none&#8221; url=&#8221;https:\/\/gokbora.com\/en\/?page_id=2134&#8243; text=&#8221;G\u00f6kbora Headquarter&#8221;][nectar_btn size=&#8221;large&#8221; button_style=&#8221;see-through&#8221; button_color_2=&#8221;Accent-Color&#8221; icon_family=&#8221;none&#8221; url=&#8221;https:\/\/gokbora.com\/en\/?page_id=2167&#8243; text=&#8221;G\u00f6kbora Anatolian Istanbul&#8221;][nectar_btn size=&#8221;large&#8221; button_style=&#8221;see-through&#8221; button_color_2=&#8221;Accent-Color&#8221; icon_family=&#8221;none&#8221; url=&#8221;https:\/\/gokbora.com\/en\/eng\/?page_id=2145&#8243; text=&#8221;G\u00f6kbora Bursa&#8221;][nectar_btn size=&#8221;large&#8221; button_style=&#8221;see-through&#8221; button_color_2=&#8221;Accent-Color&#8221; icon_family=&#8221;none&#8221; url=&#8221;https:\/\/gokbora.com\/en\/eng\/?page_id=2154&#8243; text=&#8221;G\u00f6kbora \u0130zmir&#8221;][nectar_btn size=&#8221;large&#8221; button_style=&#8221;see-through&#8221; button_color_2=&#8221;Accent-Color&#8221; icon_family=&#8221;none&#8221; url=&#8221;https:\/\/gokbora.com\/en\/eng\/?page_id=2163&#8243; text=&#8221;G\u00f6kbora Adana&#8221;][nectar_btn size=&#8221;large&#8221; button_style=&#8221;see-through&#8221; button_color_2=&#8221;Accent-Color&#8221; icon_family=&#8221;none&#8221; url=&#8221;https:\/\/gokbora.com\/en\/eng\/?page_id=2171&#8243; text=&#8221;G\u00f6kbora Ankara&#8221;][nectar_btn size=&#8221;large&#8221; button_style=&#8221;see-through&#8221; button_color_2=&#8221;Accent-Color&#8221; icon_family=&#8221;none&#8221; url=&#8221;https:\/\/gokbora.com\/en\/eng\/?page_id=3513&#8243; text=&#8221;G\u00f6kbora \u00c7erkezk\u00f6y&#8221;][nectar_btn size=&#8221;large&#8221; button_style=&#8221;see-through&#8221; button_color_2=&#8221;Accent-Color&#8221; icon_family=&#8221;none&#8221; url=&#8221;https:\/\/gokbora.com\/en\/eng\/?page_id=3526&#8243; text=&#8221;G\u00f6kbora \u0130ST Havaliman\u0131&#8221;][nectar_btn size=&#8221;large&#8221; button_style=&#8221;see-through&#8221; button_color_2=&#8221;Accent-Color&#8221; icon_family=&#8221;none&#8221; url=&#8221;https:\/\/gokbora.com\/en\/eng\/?page_id=7945&#8243; text=&#8221;G\u00f6kbora \u0130ST Maltepe&#8221;][\/vc_column][\/vc_row]\n","protected":false},"excerpt":{"rendered":"<p>[vc_row type=&#8221;full_width_background&#8221; full_screen_row_position=&#8221;middle&#8221; bg_image=&#8221;6938&#8243; bg_position=&#8221;center center&#8221; bg_repeat=&#8221;repeat&#8221; bg_color=&#8221;#282828&#8243; scene_position=&#8221;center&#8221; text_color=&#8221;dark&#8221; text_align=&#8221;left&#8221; color_overlay=&#8221;#282828&#8243; overlay_strength=&#8221;0.95&#8243; shape_divider_position=&#8221;bottom&#8221; bg_image_animation=&#8221;none&#8221; shape_type=&#8221;&#8221;][vc_column column_padding=&#8221;no-extra-padding&#8221; column_padding_position=&#8221;all&#8221; background_color_opacity=&#8221;1&#8243; background_hover_color_opacity=&#8221;1&#8243; column_link_target=&#8221;_self&#8221; column_shadow=&#8221;none&#8221; column_border_radius=&#8221;none&#8221; width=&#8221;1\/1&#8243; tablet_width_inherit=&#8221;default&#8221; tablet_text_alignment=&#8221;default&#8221; phone_text_alignment=&#8221;default&#8221; column_border_width=&#8221;none&#8221; column_border_style=&#8221;solid&#8221; bg_image_animation=&#8221;none&#8221;][vc_gallery&#8230;<\/p>\n","protected":false},"author":2,"featured_media":0,"parent":6891,"menu_order":0,"comment_status":"closed","ping_status":"closed","template":"","meta":{"footnotes":""},"class_list":["post-2167","page","type-page","status-publish"],"yoast_head":"<!-- This site is optimized with the Yoast SEO plugin v25.5 - https:\/\/yoast.com\/wordpress\/plugins\/seo\/ -->\n<title>G\u00f6kbora Anatolian \/ Istanbul - G\u00f6kbora International Transport<\/title>\n<meta name=\"robots\" content=\"index, follow, max-snippet:-1, max-image-preview:large, max-video-preview:-1\" \/>\n<link rel=\"canonical\" href=\"https:\/\/gokbora.com\/en\/location\/gokbora-anatolian-istanbul\/\" \/>\n<meta property=\"og:locale\" content=\"en_US\" \/>\n<meta property=\"og:type\" content=\"article\" \/>\n<meta property=\"og:title\" content=\"G\u00f6kbora Anatolian \/ Istanbul - G\u00f6kbora International Transport\" \/>\n<meta property=\"og:description\" content=\"[vc_row type=&#8221;full_width_background&#8221; full_screen_row_position=&#8221;middle&#8221; bg_image=&#8221;6938&#8243; bg_position=&#8221;center center&#8221; bg_repeat=&#8221;repeat&#8221; bg_color=&#8221;#282828&#8243; scene_position=&#8221;center&#8221; text_color=&#8221;dark&#8221; text_align=&#8221;left&#8221; color_overlay=&#8221;#282828&#8243; overlay_strength=&#8221;0.95&#8243; shape_divider_position=&#8221;bottom&#8221; bg_image_animation=&#8221;none&#8221; shape_type=&#8221;&#8221;][vc_column column_padding=&#8221;no-extra-padding&#8221; column_padding_position=&#8221;all&#8221; background_color_opacity=&#8221;1&#8243; background_hover_color_opacity=&#8221;1&#8243; column_link_target=&#8221;_self&#8221; column_shadow=&#8221;none&#8221; column_border_radius=&#8221;none&#8221; width=&#8221;1\/1&#8243; tablet_width_inherit=&#8221;default&#8221; tablet_text_alignment=&#8221;default&#8221; phone_text_alignment=&#8221;default&#8221; column_border_width=&#8221;none&#8221; column_border_style=&#8221;solid&#8221; bg_image_animation=&#8221;none&#8221;][vc_gallery...\" \/>\n<meta property=\"og:url\" content=\"https:\/\/gokbora.com\/en\/location\/gokbora-anatolian-istanbul\/\" \/>\n<meta property=\"og:site_name\" content=\"G\u00f6kbora International Transport\" \/>\n<meta property=\"article:modified_time\" content=\"2025-02-21T23:03:22+00:00\" \/>\n<meta name=\"twitter:card\" content=\"summary_large_image\" \/>\n<meta name=\"twitter:label1\" content=\"Est. reading time\" \/>\n\t<meta name=\"twitter:data1\" content=\"3 minutes\" \/>\n<script type=\"application\/ld+json\" class=\"yoast-schema-graph\">{\"@context\":\"https:\/\/schema.org\",\"@graph\":[{\"@type\":\"WebPage\",\"@id\":\"https:\/\/gokbora.com\/en\/location\/gokbora-anatolian-istanbul\/\",\"url\":\"https:\/\/gokbora.com\/en\/location\/gokbora-anatolian-istanbul\/\",\"name\":\"G\u00f6kbora Anatolian \/ Istanbul - G\u00f6kbora International Transport\",\"isPartOf\":{\"@id\":\"https:\/\/gokbora.com\/en\/#website\"},\"datePublished\":\"2016-03-21T02:43:37+00:00\",\"dateModified\":\"2025-02-21T23:03:22+00:00\",\"breadcrumb\":{\"@id\":\"https:\/\/gokbora.com\/en\/location\/gokbora-anatolian-istanbul\/#breadcrumb\"},\"inLanguage\":\"en-US\",\"potentialAction\":[{\"@type\":\"ReadAction\",\"target\":[\"https:\/\/gokbora.com\/en\/location\/gokbora-anatolian-istanbul\/\"]}]},{\"@type\":\"BreadcrumbList\",\"@id\":\"https:\/\/gokbora.com\/en\/location\/gokbora-anatolian-istanbul\/#breadcrumb\",\"itemListElement\":[{\"@type\":\"ListItem\",\"position\":1,\"name\":\"Home\",\"item\":\"https:\/\/gokbora.com\/en\/\"},{\"@type\":\"ListItem\",\"position\":2,\"name\":\"Location\",\"item\":\"https:\/\/gokbora.com\/en\/location\/\"},{\"@type\":\"ListItem\",\"position\":3,\"name\":\"G\u00f6kbora Anatolian \/ Istanbul\"}]},{\"@type\":\"WebSite\",\"@id\":\"https:\/\/gokbora.com\/en\/#website\",\"url\":\"https:\/\/gokbora.com\/en\/\",\"name\":\"G\u00f6kbora International Transport\",\"description\":\"Land, Air, Sea, Project, Multimodal Transport\",\"potentialAction\":[{\"@type\":\"SearchAction\",\"target\":{\"@type\":\"EntryPoint\",\"urlTemplate\":\"https:\/\/gokbora.com\/en\/?s={search_term_string}\"},\"query-input\":{\"@type\":\"PropertyValueSpecification\",\"valueRequired\":true,\"valueName\":\"search_term_string\"}}],\"inLanguage\":\"en-US\"}]}<\/script>\n<!-- \/ Yoast SEO plugin. -->","yoast_head_json":{"title":"G\u00f6kbora Anatolian \/ Istanbul - G\u00f6kbora International Transport","robots":{"index":"index","follow":"follow","max-snippet":"max-snippet:-1","max-image-preview":"max-image-preview:large","max-video-preview":"max-video-preview:-1"},"canonical":"https:\/\/gokbora.com\/en\/location\/gokbora-anatolian-istanbul\/","og_locale":"en_US","og_type":"article","og_title":"G\u00f6kbora Anatolian \/ Istanbul - G\u00f6kbora International Transport","og_description":"[vc_row type=&#8221;full_width_background&#8221; full_screen_row_position=&#8221;middle&#8221; bg_image=&#8221;6938&#8243; bg_position=&#8221;center center&#8221; bg_repeat=&#8221;repeat&#8221; bg_color=&#8221;#282828&#8243; scene_position=&#8221;center&#8221; text_color=&#8221;dark&#8221; text_align=&#8221;left&#8221; color_overlay=&#8221;#282828&#8243; overlay_strength=&#8221;0.95&#8243; shape_divider_position=&#8221;bottom&#8221; bg_image_animation=&#8221;none&#8221; shape_type=&#8221;&#8221;][vc_column column_padding=&#8221;no-extra-padding&#8221; column_padding_position=&#8221;all&#8221; background_color_opacity=&#8221;1&#8243; background_hover_color_opacity=&#8221;1&#8243; column_link_target=&#8221;_self&#8221; column_shadow=&#8221;none&#8221; column_border_radius=&#8221;none&#8221; width=&#8221;1\/1&#8243; tablet_width_inherit=&#8221;default&#8221; tablet_text_alignment=&#8221;default&#8221; phone_text_alignment=&#8221;default&#8221; column_border_width=&#8221;none&#8221; column_border_style=&#8221;solid&#8221; bg_image_animation=&#8221;none&#8221;][vc_gallery...","og_url":"https:\/\/gokbora.com\/en\/location\/gokbora-anatolian-istanbul\/","og_site_name":"G\u00f6kbora International Transport","article_modified_time":"2025-02-21T23:03:22+00:00","twitter_card":"summary_large_image","twitter_misc":{"Est. reading time":"3 minutes"},"schema":{"@context":"https:\/\/schema.org","@graph":[{"@type":"WebPage","@id":"https:\/\/gokbora.com\/en\/location\/gokbora-anatolian-istanbul\/","url":"https:\/\/gokbora.com\/en\/location\/gokbora-anatolian-istanbul\/","name":"G\u00f6kbora Anatolian \/ Istanbul - G\u00f6kbora International Transport","isPartOf":{"@id":"https:\/\/gokbora.com\/en\/#website"},"datePublished":"2016-03-21T02:43:37+00:00","dateModified":"2025-02-21T23:03:22+00:00","breadcrumb":{"@id":"https:\/\/gokbora.com\/en\/location\/gokbora-anatolian-istanbul\/#breadcrumb"},"inLanguage":"en-US","potentialAction":[{"@type":"ReadAction","target":["https:\/\/gokbora.com\/en\/location\/gokbora-anatolian-istanbul\/"]}]},{"@type":"BreadcrumbList","@id":"https:\/\/gokbora.com\/en\/location\/gokbora-anatolian-istanbul\/#breadcrumb","itemListElement":[{"@type":"ListItem","position":1,"name":"Home","item":"https:\/\/gokbora.com\/en\/"},{"@type":"ListItem","position":2,"name":"Location","item":"https:\/\/gokbora.com\/en\/location\/"},{"@type":"ListItem","position":3,"name":"G\u00f6kbora Anatolian \/ Istanbul"}]},{"@type":"WebSite","@id":"https:\/\/gokbora.com\/en\/#website","url":"https:\/\/gokbora.com\/en\/","name":"G\u00f6kbora International Transport","description":"Land, Air, Sea, Project, Multimodal Transport","potentialAction":[{"@type":"SearchAction","target":{"@type":"EntryPoint","urlTemplate":"https:\/\/gokbora.com\/en\/?s={search_term_string}"},"query-input":{"@type":"PropertyValueSpecification","valueRequired":true,"valueName":"search_term_string"}}],"inLanguage":"en-US"}]}},"_links":{"self":[{"href":"https:\/\/gokbora.com\/en\/wp-json\/wp\/v2\/pages\/2167","targetHints":{"allow":["GET"]}}],"collection":[{"href":"https:\/\/gokbora.com\/en\/wp-json\/wp\/v2\/pages"}],"about":[{"href":"https:\/\/gokbora.com\/en\/wp-json\/wp\/v2\/types\/page"}],"author":[{"embeddable":true,"href":"https:\/\/gokbora.com\/en\/wp-json\/wp\/v2\/users\/2"}],"replies":[{"embeddable":true,"href":"https:\/\/gokbora.com\/en\/wp-json\/wp\/v2\/comments?post=2167"}],"version-history":[{"count":15,"href":"https:\/\/gokbora.com\/en\/wp-json\/wp\/v2\/pages\/2167\/revisions"}],"predecessor-version":[{"id":7958,"href":"https:\/\/gokbora.com\/en\/wp-json\/wp\/v2\/pages\/2167\/revisions\/7958"}],"up":[{"embeddable":true,"href":"https:\/\/gokbora.com\/en\/wp-json\/wp\/v2\/pages\/6891"}],"wp:attachment":[{"href":"https:\/\/gokbora.com\/en\/wp-json\/wp\/v2\/media?parent=2167"}],"curies":[{"name":"wp","href":"https:\/\/api.w.org\/{rel}","templated":true}]}}